{"id":292,"date":"2019-11-21T13:25:56","date_gmt":"2019-11-21T12:25:56","guid":{"rendered":"https:\/\/www.aeha-buendnis.de\/?page_id=292"},"modified":"2024-12-19T14:49:51","modified_gmt":"2024-12-19T13:49:51","slug":"imprint","status":"publish","type":"page","link":"https:\/\/www.aeha-buendnis.de\/en\/imprint\/","title":{"rendered":"Imprint"},"content":{"rendered":"<p>[et_pb_section fb_built=&#8221;1&#8243; _builder_version=&#8221;4.16&#8243; global_colors_info=&#8221;{}&#8221;][et_pb_row _builder_version=&#8221;4.16&#8243; global_colors_info=&#8221;{}&#8221;][et_pb_column type=&#8221;4_4&#8243; _builder_version=&#8221;4.16&#8243; global_colors_info=&#8221;{}&#8221;][et_pb_image src=&#8221;https:\/\/www.aeha-buendnis.de\/wp-content\/uploads\/2019\/11\/stacks-image-5d6bfed.jpg&#8221; _builder_version=&#8221;4.16&#8243; global_colors_info=&#8221;{}&#8221;][\/et_pb_image][\/et_pb_column][\/et_pb_row][et_pb_row _builder_version=&#8221;4.16&#8243; global_colors_info=&#8221;{}&#8221;][et_pb_column type=&#8221;4_4&#8243; _builder_version=&#8221;4.16&#8243; global_colors_info=&#8221;{}&#8221;][et_pb_text _builder_version=&#8221;4.27.4&#8243; _module_preset=&#8221;default&#8221; hover_enabled=&#8221;0&#8243; sticky_enabled=&#8221;0&#8243;]<\/p>\n<h1>Site Notice<\/h1>\n<p>Anwenderb\u00fcndnis zum Erhalt hom\u00f6opathischer Arzneimittel supported by:<\/p>\n<p>BKHD Bund Klassischer Hom\u00f6opathen Deutschlands (www.bkhd.de),<br \/>DZVh\u00c4 Deutscher Zentralverein hom\u00f6opathischer \u00c4rzte e.V. (www.dzvhae.de),<br \/>VKHD Verband klassischer Hom\u00f6opathen Deutschlands e.V. (www.vkhd.de)<\/p>\n<h2>Contact<\/h2>\n<p>Phone: +49 721 463235<br \/>E-mail: cc@arscurandi.de<\/p>\n<h2>Supervisory authority<\/h2>\n<p>Gesundheitsamt Karlsruhe<br \/>Beiertheimer Allee 2<br \/>76137 Karlsruhe<\/p>\n<p><a href=\"https:\/\/www.landkreis-karlsruhe.de\/index.php?ModID=9&amp;FID=1636.1152.1&amp;object=tx%2C3051.1\" target=\"_blank\" rel=\"noopener noreferrer\">https:\/\/www.landkreis-karlsruhe.de\/index.php?ModID=9&amp;FID=1636.1152.1&amp;object=tx%2C3051.1<\/a><\/p>\n<h2>Job title and professional regulations<\/h2>\n<p>Job title:<br \/>Heilpraktiker<\/p>\n<p>Competent chamber:<br \/>Verband klassischer Hom\u00f6opathen Deutschlands VKHD<\/p>\n<p>Es gelten folgende berufsrechtliche Regelungen:<\/p>\n<p>Berufsordnung und Ethikrichtlinien<br \/>available at: <a href=\"https:\/\/www.vkhd.de\/vkhd-mobil\/berufsordnung-und-ethikrichtlinien\" target=\"_blank\" rel=\"noopener noreferrer\">https:\/\/www.vkhd.de\/vkhd-mobil\/berufsordnung-und-ethikrichtlinien<\/a><\/p>\n<h2>Person responsible for editorial<\/h2>\n<p>Carl Classen<br \/>Kirchstra\u00dfe 10<br \/>76229 Karlsruhe<\/p>\n<h2>Dispute resolution proceedings in front of a consumer arbitration board<\/h2>\n<p>We are not willing or obliged to participate in dispute resolution proceedings in front of a consumer arbitration board.<\/p>\n<p>[\/et_pb_text][et_pb_text _builder_version=&#8221;4.27.4&#8243; _module_preset=&#8221;default&#8221; hover_enabled=&#8221;0&#8243; global_colors_info=&#8221;{}&#8221; sticky_enabled=&#8221;0&#8243;]<\/p>\n<p>Date: 19.12.2024<\/p>\n<p>[\/et_pb_text][\/et_pb_column][\/et_pb_row][\/et_pb_section]<\/p>\n","protected":false},"excerpt":{"rendered":"<p>Site Notice Anwenderb\u00fcndnis zum Erhalt hom\u00f6opathischer Arzneimittel supported by: BKHD Bund Klassischer Hom\u00f6opathen Deutschlands (www.bkhd.de),DZVh\u00c4 Deutscher Zentralverein hom\u00f6opathischer \u00c4rzte e.V. (www.dzvhae.de),VKHD Verband klassischer Hom\u00f6opathen Deutschlands e.V. (www.vkhd.de) Contact Phone: +49 721 463235E-mail: cc@arscurandi.de Supervisory authority Gesundheitsamt KarlsruheBeiertheimer Allee 276137 Karlsruhe https:\/\/www.landkreis-karlsruhe.de\/index.php?ModID=9&amp;FID=1636.1152.1&amp;object=tx%2C3051.1 Job title and professional regulations Job title:Heilpraktiker Competent chamber:Verband klassischer Hom\u00f6opathen Deutschlands VKHD Es [&hellip;]<\/p>\n","protected":false},"author":2,"featured_media":0,"parent":0,"menu_order":70,"comment_status":"closed","ping_status":"closed","template":"","meta":{"_et_pb_use_builder":"on","_et_pb_old_content":"","_et_gb_content_width":"","footnotes":""},"class_list":["post-292","page","type-page","status-publish","hentry"],"_links":{"self":[{"href":"https:\/\/www.aeha-buendnis.de\/en\/wp-json\/wp\/v2\/pages\/292","targetHints":{"allow":["GET"]}}],"collection":[{"href":"https:\/\/www.aeha-buendnis.de\/en\/wp-json\/wp\/v2\/pages"}],"about":[{"href":"https:\/\/www.aeha-buendnis.de\/en\/wp-json\/wp\/v2\/types\/page"}],"author":[{"embeddable":true,"href":"https:\/\/www.aeha-buendnis.de\/en\/wp-json\/wp\/v2\/users\/2"}],"replies":[{"embeddable":true,"href":"https:\/\/www.aeha-buendnis.de\/en\/wp-json\/wp\/v2\/comments?post=292"}],"version-history":[{"count":9,"href":"https:\/\/www.aeha-buendnis.de\/en\/wp-json\/wp\/v2\/pages\/292\/revisions"}],"predecessor-version":[{"id":647,"href":"https:\/\/www.aeha-buendnis.de\/en\/wp-json\/wp\/v2\/pages\/292\/revisions\/647"}],"wp:attachment":[{"href":"https:\/\/www.aeha-buendnis.de\/en\/wp-json\/wp\/v2\/media?parent=292"}],"curies":[{"name":"wp","href":"https:\/\/api.w.org\/{rel}","templated":true}]}}