{"id":250,"date":"2019-11-21T11:36:51","date_gmt":"2019-11-21T10:36:51","guid":{"rendered":"https:\/\/www.aeha-buendnis.de\/?page_id=250"},"modified":"2019-12-11T21:50:41","modified_gmt":"2019-12-11T20:50:41","slug":"weclome-on-the-aeha-website","status":"publish","type":"page","link":"https:\/\/www.aeha-buendnis.de\/en\/","title":{"rendered":"Weclome on the AEHA Website!"},"content":{"rendered":"<p>[et_pb_section fb_built=&#8221;1&#8243; admin_label=&#8221;section&#8221; _builder_version=&#8221;4.0.1&#8243; custom_padding=&#8221;0px||||false|false&#8221;][et_pb_row _builder_version=&#8221;4.0.1&#8243; width=&#8221;100%&#8221; max_width=&#8221;2560px&#8221; max_height=&#8221;500px&#8221; custom_padding=&#8221;0px||||false|false&#8221;][et_pb_column type=&#8221;4_4&#8243; _builder_version=&#8221;4.0.1&#8243; custom_padding=&#8221;||||false|false&#8221;][et_pb_slider show_pagination=&#8221;off&#8221; _builder_version=&#8221;4.0.6&#8243; border_color_all=&#8221;rgba(0,0,0,0)&#8221;][et_pb_slide heading=&#8221;AEHA Anwenderb\u00fcndnis zum Erhalt hom\u00f6opathischer Arzneimittel&#8221; button_text=&#8221;AEHA&#8221; button_link=&#8221;https:\/\/www.aeha-buendnis.de\/en\/aeha-the-user-alliance-for-the-preservation-of-homeopathic-medicinal-products\/&#8221; heading_tablet=&#8221;&#8221; heading_phone=&#8221;&#8221; heading_last_edited=&#8221;on|desktop&#8221; _builder_version=&#8221;4.0.6&#8243; header_font=&#8221;|600|||||||&#8221; header_text_color=&#8221;#329a34&#8243; header_font_size=&#8221;21px&#8221; body_text_color=&#8221;#329a34&#8243; background_image=&#8221;https:\/\/www.aeha-buendnis.de\/wp-content\/uploads\/2019\/10\/stacks-image-ef6573c.jpg&#8221; background_enable_image=&#8221;on&#8221; custom_button=&#8221;on&#8221; button_text_color=&#8221;#329a34&#8243; text_shadow_style=&#8221;preset2&#8243;]<\/p>\n<p><strong>Users Alliance for the Maintenance of Homeopathic Medicines<\/strong><\/p>\n<p>[\/et_pb_slide][et_pb_slide heading=&#8221;AEHA Anwenderb\u00fcndnis zum Erhalt hom\u00f6opathischer Arzneimittel&#8221; button_text=&#8221;Positions&#8221; button_link=&#8221;https:\/\/www.aeha-buendnis.de\/en\/positions\/&#8221; _builder_version=&#8221;4.0.6&#8243; header_text_color=&#8221;#329a34&#8243; body_text_color=&#8221;#329a34&#8243; background_enable_color=&#8221;off&#8221; background_image=&#8221;https:\/\/www.aeha-buendnis.de\/wp-content\/uploads\/2019\/10\/stacks-image-78e87ed.jpg&#8221; background_enable_image=&#8221;on&#8221; custom_button=&#8221;on&#8221; button_text_color=&#8221;#329a34&#8243;]<\/p>\n<p><strong>Users Alliance for the Maintenance of Homeopathic Medicines<\/strong><\/p>\n<p>[\/et_pb_slide][et_pb_slide heading=&#8221;AEHA Anwenderb\u00fcndnis zum Erhalt hom\u00f6opathischer Arzneimittel&#8221; button_text=&#8221;Background&#8221; button_link=&#8221;https:\/\/www.aeha-buendnis.de\/en\/background\/&#8221; _builder_version=&#8221;4.0.6&#8243; header_text_color=&#8221;#329a34&#8243; body_text_color=&#8221;#329a34&#8243; background_enable_color=&#8221;off&#8221; background_image=&#8221;https:\/\/www.aeha-buendnis.de\/wp-content\/uploads\/2019\/10\/stacks-image-b95a312.jpg&#8221; background_enable_image=&#8221;on&#8221; custom_button=&#8221;on&#8221; button_text_color=&#8221;#329a34&#8243;]<\/p>\n<p><strong>Users Alliance for the Maintenance of Homeopathic Medicines<\/strong><\/p>\n<p>[\/et_pb_slide][\/et_pb_slider][\/et_pb_column][\/et_pb_row][\/et_pb_section][et_pb_section fb_built=&#8221;1&#8243; admin_label=&#8221;section&#8221; _builder_version=&#8221;4.0.6&#8243; custom_margin=&#8221;0px||||false|false&#8221; custom_padding=&#8221;0px||||false|false&#8221;][et_pb_row admin_label=&#8221;row&#8221; _builder_version=&#8221;3.25&#8243; background_size=&#8221;initial&#8221; background_position=&#8221;top_left&#8221; background_repeat=&#8221;repeat&#8221;][et_pb_column type=&#8221;4_4&#8243; _builder_version=&#8221;3.25&#8243; custom_padding=&#8221;|||&#8221; custom_padding__hover=&#8221;|||&#8221;][et_pb_text admin_label=&#8221;Text&#8221; _builder_version=&#8221;4.0.6&#8243; background_size=&#8221;initial&#8221; background_position=&#8221;top_left&#8221; background_repeat=&#8221;repeat&#8221; width=&#8221;65%&#8221; width_tablet=&#8221;80%&#8221; width_phone=&#8221;100%&#8221; width_last_edited=&#8221;on|phone&#8221; max_width=&#8221;65%&#8221; max_width_tablet=&#8221;80%&#8221; max_width_phone=&#8221;100%&#8221; max_width_last_edited=&#8221;on|phone&#8221; hover_enabled=&#8221;0&#8243;]<\/p>\n<h1>Homeopathic Medicines in Europe<\/h1>\n<p><!-- divi:heading --><\/p>\n<p><!-- \/divi:heading --><\/p>\n<p>The AEHA is an alliance of German homeopathic practitioners associations, including homeopathic medical doctors, Heilpraktikers (non medical homeopaths) and charity status associations. Our shared concern is the full availability of high quality homeopathic medicines in Germany and in Europe, for the benefit of all patients.<\/p>\n<p>The AHEA cooperates with the European umbrella associations European Committee of Homeopathy<span>\u00a0<\/span><a href=\"http:\/\/www.homeopathyeurope.org\/\">ECH<\/a><span>\u00a0<\/span>and European Central Council of Homeopaths<span>\u00a0<\/span><a href=\"http:\/\/www.homeopathy-ecch.org\/\">ECCH<\/a>, both advocate our joint aims on a European level. Other dialogue partners are patients associations, CAM associations, competent authorities, politicians and manufacturers.<\/p>\n<p>Using the menu on the left, you will find introductory information, positions and background information.<\/p>\n<p>The English section of this website does not provide a full translation of the German website. Some of the documents are available in German only. Others documents esp. from our European partner associations may be available in English only.<\/p>\n<p><!-- \/divi:paragraph --><\/p>\n<p><!-- \/divi:paragraph --><\/p>\n<p><!-- divi:paragraph --><\/p>\n<p><!-- \/divi:paragraph --><\/p>\n<p>[\/et_pb_text][\/et_pb_column][\/et_pb_row][\/et_pb_section]<\/p>\n","protected":false},"excerpt":{"rendered":"<p>Users Alliance for the Maintenance of Homeopathic MedicinesUsers Alliance for the Maintenance of Homeopathic MedicinesUsers Alliance for the Maintenance of Homeopathic MedicinesHomeopathic Medicines in Europe The AEHA is an alliance of German homeopathic practitioners associations, including homeopathic medical doctors, Heilpraktikers (non medical homeopaths) and charity status associations. Our shared concern is the full availability of [&hellip;]<\/p>\n","protected":false},"author":2,"featured_media":0,"parent":0,"menu_order":0,"comment_status":"closed","ping_status":"closed","template":"","meta":{"_et_pb_use_builder":"on","_et_pb_old_content":"<!-- wp:heading -->\n<h2>Sch\u00f6n, dass Sie bei uns vorbeischauen!<\/h2>\n<!-- \/wp:heading -->\n\n<!-- wp:paragraph -->\n<p><strong>Warum es unser B\u00fcndnis gibt:&nbsp;<\/strong>Nein, wir stellen keine hom\u00f6opathischen Arzneimittel her. Wir verkaufen nichts und wir nehmen keine Hersteller-Spenden an. Wir sind um die Hom\u00f6opathie besorgte Heilpraktiker und \u00c4rzte, im B\u00fcndnis der drei gr\u00f6\u00dften deutschen Hom\u00f6opathie-Organisationen! Nicht wegen ausbleibender Kostenerstattung, sondern weil unverzichtbare hom\u00f6opathische Arzneimittel inzwischen \u00fcberhaupt nicht mehr erh\u00e4ltlich sind! Es \"boomt\" zwar ein gewisser Produktemarkt. Doch das f\u00fcr eine qualifizierte Therapie notwendigerweise gro\u00dfe Spektrum qualitativ hochwertiger hom\u00f6opathischer Arzneimittel ist in einigen Bereichen schon nicht mehr existent!<\/p>\n<!-- \/wp:paragraph -->\n\n<!-- wp:paragraph -->\n<p>Informieren Sie sich auf unserer Website n\u00e4her.<\/p>\n<!-- \/wp:paragraph -->\n\n<!-- wp:paragraph -->\n<p><\/p>\n<!-- \/wp:paragraph -->","_et_gb_content_width":"","footnotes":""},"class_list":["post-250","page","type-page","status-publish","hentry"],"_links":{"self":[{"href":"https:\/\/www.aeha-buendnis.de\/en\/wp-json\/wp\/v2\/pages\/250","targetHints":{"allow":["GET"]}}],"collection":[{"href":"https:\/\/www.aeha-buendnis.de\/en\/wp-json\/wp\/v2\/pages"}],"about":[{"href":"https:\/\/www.aeha-buendnis.de\/en\/wp-json\/wp\/v2\/types\/page"}],"author":[{"embeddable":true,"href":"https:\/\/www.aeha-buendnis.de\/en\/wp-json\/wp\/v2\/users\/2"}],"replies":[{"embeddable":true,"href":"https:\/\/www.aeha-buendnis.de\/en\/wp-json\/wp\/v2\/comments?post=250"}],"version-history":[{"count":10,"href":"https:\/\/www.aeha-buendnis.de\/en\/wp-json\/wp\/v2\/pages\/250\/revisions"}],"predecessor-version":[{"id":517,"href":"https:\/\/www.aeha-buendnis.de\/en\/wp-json\/wp\/v2\/pages\/250\/revisions\/517"}],"wp:attachment":[{"href":"https:\/\/www.aeha-buendnis.de\/en\/wp-json\/wp\/v2\/media?parent=250"}],"curies":[{"name":"wp","href":"https:\/\/api.w.org\/{rel}","templated":true}]}}